{"id":365,"date":"2025-11-16T15:08:49","date_gmt":"2025-11-16T15:08:49","guid":{"rendered":"https:\/\/rivermarkstrategy.com\/?page_id=365"},"modified":"2025-11-30T05:37:44","modified_gmt":"2025-11-30T05:37:44","slug":"privacy-policy","status":"publish","type":"page","link":"https:\/\/rivermarkstrategy.com\/es\/privacy-policy\/","title":{"rendered":"Pol\u00edtica de privacidad"},"content":{"rendered":"<h4 class=\"wp-block-heading\">Pol\u00edtica de privacidad e informaci\u00f3n<\/h4>\n\n\n\n<h5 class=\"wp-block-heading\">Nuestro compromiso<\/h5>\n\n\n\n<p>Rivermark Strategy valora su privacidad. Recopilamos \u00fanicamente la informaci\u00f3n necesaria para prestar nuestros servicios con eficacia y mantener la comunicaci\u00f3n con usted.<\/p>\n\n\n\n<h5 class=\"wp-block-heading\">Lo que recopilamos<\/h5>\n\n\n\n<p>- Datos de contacto facilitados a trav\u00e9s de formularios (nombre, correo electr\u00f3nico, tel\u00e9fono)<br>- Informaci\u00f3n empresarial voluntaria compartida con fines de consulta<br>- An\u00e1lisis an\u00f3nimos del sitio web para mejorar el servicio<\/p>\n\n\n\n<h5 class=\"wp-block-heading\">C\u00f3mo lo utilizamos<\/h5>\n\n\n\n<p>- Responder a las consultas y gestionar los proyectos en curso<br>- Prestar servicios de consultor\u00eda y seguimiento<br>- Para mejorar nuestro sitio web y la experiencia del cliente<\/p>\n\n\n\n<h5 class=\"wp-block-heading\">Protecci\u00f3n de datos<\/h5>\n\n\n\n<p>Su informaci\u00f3n se almacena de forma segura y nunca se comparte con terceros, excepto cuando lo exige la ley o con su consentimiento por escrito.<\/p>\n\n\n\n<h5 class=\"wp-block-heading\">Contacto para consultas sobre datos<\/h5>\n\n\n\n<p>Si desea revisar, actualizar o eliminar su informaci\u00f3n, env\u00ede un correo electr\u00f3nico a: info@rivermarkstrategy.com<\/p>\n\n\n\n<h5 class=\"wp-block-heading\">Aviso legal<\/h5>\n\n\n\n<p>Todo el contenido de este sitio es s\u00f3lo para informaci\u00f3n general de negocios y no debe sustituir el asesoramiento profesional. Rivermark Strategy no se hace responsable de las acciones emprendidas bas\u00e1ndose \u00fanicamente en el contenido de este sitio web sin consultarlo directamente.<\/p>\n\n\n\n<p class=\"wp-elements-af12961842171a998d4a810dd0b43f75\">\n  \u00bfAd\u00f3nde le gustar\u00eda ir despu\u00e9s? \n  <a href=\"https:\/\/rivermarkstrategy.com\/es\/services\/\" \n     style=\"background:#C1AF8D; color:#000; padding:3px 6px; text-decoration:none;\">\n     <strong>nuestros servicios<\/strong>\n  <\/a>\n  o empezar con un \n  <a href=\"https:\/\/rivermarkstrategy.com\/es\/book-now\/\" \n     style=\"background:#C1AF8D; color:#000; padding:3px 6px; text-decoration:none;\">\n     <strong>\u00bfllamada de descubrimiento?<\/strong>\n  <\/a>\n<\/p>\n\n\n\n\n<p><\/p>","protected":false},"excerpt":{"rendered":"<p>Privacy &amp; Information Policy Our Commitment Rivermark Strategy values your privacy. We collect only the information needed to deliver our [&hellip;]<\/p>","protected":false},"author":1,"featured_media":0,"parent":0,"menu_order":0,"comment_status":"closed","ping_status":"closed","template":"","meta":{"site-sidebar-layout":"default","site-content-layout":"","ast-site-content-layout":"default","site-content-style":"default","site-sidebar-style":"default","ast-global-header-display":"","ast-banner-title-visibility":"","ast-main-header-display":"","ast-hfb-above-header-display":"","ast-hfb-below-header-display":"","ast-hfb-mobile-header-display":"","site-post-title":"","ast-breadcrumbs-content":"","ast-featured-img":"","footer-sml-layout":"","ast-disable-related-posts":"","theme-transparent-header-meta":"","adv-header-id-meta":"","stick-header-meta":"","header-above-stick-meta":"","header-main-stick-meta":"","header-below-stick-meta":"","astra-migrate-meta-layouts":"default","ast-page-background-enabled":"default","ast-page-background-meta":{"desktop":{"background-color":"var(--ast-global-color-5)","background-image":"","background-repeat":"repeat","background-position":"center center","background-size":"auto","background-attachment":"scroll","background-type":"","background-media":"","overlay-type":"","overlay-color":"","overlay-opacity":"","overlay-gradient":""},"tablet":{"background-color":"","background-image":"","background-repeat":"repeat","background-position":"center center","background-size":"auto","background-attachment":"scroll","background-type":"","background-media":"","overlay-type":"","overlay-color":"","overlay-opacity":"","overlay-gradient":""},"mobile":{"background-color":"","background-image":"","background-repeat":"repeat","background-position":"center center","background-size":"auto","background-attachment":"scroll","background-type":"","background-media":"","overlay-type":"","overlay-color":"","overlay-opacity":"","overlay-gradient":""}},"ast-content-background-meta":{"desktop":{"background-color":"var(--ast-global-color-4)","background-image":"","background-repeat":"repeat","background-position":"center center","background-size":"auto","background-attachment":"scroll","background-type":"","background-media":"","overlay-type":"","overlay-color":"","overlay-opacity":"","overlay-gradient":""},"tablet":{"background-color":"var(--ast-global-color-4)","background-image":"","background-repeat":"repeat","background-position":"center center","background-size":"auto","background-attachment":"scroll","background-type":"","background-media":"","overlay-type":"","overlay-color":"","overlay-opacity":"","overlay-gradient":""},"mobile":{"background-color":"var(--ast-global-color-4)","background-image":"","background-repeat":"repeat","background-position":"center center","background-size":"auto","background-attachment":"scroll","background-type":"","background-media":"","overlay-type":"","overlay-color":"","overlay-opacity":"","overlay-gradient":""}},"footnotes":""},"class_list":["post-365","page","type-page","status-publish","hentry"],"_hostinger_reach_plugin_has_subscription_block":false,"_hostinger_reach_plugin_is_elementor":false,"_links":{"self":[{"href":"https:\/\/rivermarkstrategy.com\/es\/wp-json\/wp\/v2\/pages\/365","targetHints":{"allow":["GET"]}}],"collection":[{"href":"https:\/\/rivermarkstrategy.com\/es\/wp-json\/wp\/v2\/pages"}],"about":[{"href":"https:\/\/rivermarkstrategy.com\/es\/wp-json\/wp\/v2\/types\/page"}],"author":[{"embeddable":true,"href":"https:\/\/rivermarkstrategy.com\/es\/wp-json\/wp\/v2\/users\/1"}],"replies":[{"embeddable":true,"href":"https:\/\/rivermarkstrategy.com\/es\/wp-json\/wp\/v2\/comments?post=365"}],"version-history":[{"count":6,"href":"https:\/\/rivermarkstrategy.com\/es\/wp-json\/wp\/v2\/pages\/365\/revisions"}],"predecessor-version":[{"id":1048,"href":"https:\/\/rivermarkstrategy.com\/es\/wp-json\/wp\/v2\/pages\/365\/revisions\/1048"}],"wp:attachment":[{"href":"https:\/\/rivermarkstrategy.com\/es\/wp-json\/wp\/v2\/media?parent=365"}],"curies":[{"name":"wp","href":"https:\/\/api.w.org\/{rel}","templated":true}]}}